{"id":9968,"date":"2018-08-08T17:18:50","date_gmt":"2018-08-08T09:18:50","guid":{"rendered":"http:\/\/www.shentek.com\/product\/8-port-serial-rs485-rs422-pci-express-pcie-card\/"},"modified":"2018-12-13T11:27:40","modified_gmt":"2018-12-13T03:27:40","slug":"the-8-cong-noi-tiep-rs485-rs422-pci-express-pcie","status":"publish","type":"product","link":"https:\/\/shentek.com\/vi\/product\/the-8-cong-noi-tiep-rs485-rs422-pci-express-pcie\/","title":{"rendered":"Th\u1ebb PCIe 8 c\u1ed5ng n\u1ed1i ti\u1ebfp RS485 RS422 PCI Express"},"content":{"rendered":"","protected":false},"excerpt":{"rendered":"<p>T\u00ednh n\u0103ng v\u00e0 l\u1ee3i \u00edch<\/p>\n<p>M\u1edf r\u1ed9ng 8 c\u1ed5ng Th\u1ebb n\u1ed1i ti\u1ebfp RS485 RS422 cho h\u1ec7 th\u1ed1ng c\u1ee7a b\u1ea1n<\/p>\n<p>Giao ti\u1ebfp hi\u1ec7u qu\u1ea3 v\u1edbi thi\u1ebft b\u1ecb \u0111\u01b0\u1ee3c k\u1ebft n\u1ed1i h\u1ed7 tr\u1ee3 t\u1ed1c \u0111\u1ed9 cao 921Kbps<\/p>\n<p>Th\u00f4ng s\u1ed1 k\u1ef9 thu\u1eadt c\u01a1 s\u1edf PCIe 3.0 \/ 3.1 tu\u00e2n th\u1ee7 ng\u01b0\u1ee3c 1.0a \/ 1.1 \/ 2.0 \/ 2.1<\/p>\n<p>H\u1ed7 tr\u1ee3 ng\u00f5 PCI Express x1, x2, x4, x8 v\u00e0 x16<\/p>\n<p>K\u1ebft n\u1ed1i thi\u1ebft b\u1ecb t\u1ed1i \u0111a 10 cho ch\u1ebf \u0111\u1ed9 4 d\u00e2y RS-485 (RS-422 Multi-Drop)<\/p>\n<p>K\u1ebft n\u1ed1i thi\u1ebft b\u1ecb t\u1ed1i \u0111a 32 cho ch\u1ebf \u0111\u1ed9 2 D\u00e2y RS-485<\/p>\n<p>Ph\u1ea1m vi nhi\u1ec7t \u0111\u1ed9 ho\u1ea1t \u0111\u1ed9ng m\u1edf r\u1ed9ng -30 \u00b0 C \u0111\u1ebfn 75 \u00b0 C<\/p>\n<p>B\u1ea3o v\u1ec7 h\u1ec7 th\u1ed1ng c\u1ee7a b\u1ea1n kh\u1ecfi b\u1ecb h\u01b0 h\u1ea1i v\u1edbi B\u1ea3o v\u1ec7 ESD t\u00edch h\u1ee3p<\/p>\n<p>B\u1ea3o v\u1ec7 s\u1ed1c \u0111i\u1ec7n 600W<\/p>\n<p>H\u1ed7 tr\u1ee3 \u0111\u1eb7c \u0111i\u1ec3m k\u1ef9 thu\u1eadt th\u1ebb n\u1ed1i ti\u1ebfp c\u00f4ng nghi\u1ec7p<\/p>\n<p>256 Byte FiFo tr\u00ean m\u1ed7i m\u00e1y ph\u00e1t v\u00e0 m\u00e1y thu<\/p>\n<p>H\u1ed7 tr\u1ee3 tr\u00ecnh \u0111i\u1ec1u khi\u1ec3n Microsoft Windows, Linux v\u00e0 QNX<\/p>\n<p>Khung h\u1ed3 s\u01a1 ti\u00eau chu\u1ea9n ho\u1eb7c hai khung c\u1ea5u h\u00ecnh th\u1ea5p (n\u1eeda chi\u1ec1u cao)<\/p>\n","protected":false},"featured_media":9969,"comment_status":"open","ping_status":"closed","template":"","meta":[],"product_cat":[1264,1319,1306],"product_tag":[1284,1269,1320,1324,1356,1357,1358],"_links":{"self":[{"href":"https:\/\/shentek.com\/vi\/wp-json\/wp\/v2\/product\/9968"}],"collection":[{"href":"https:\/\/shentek.com\/vi\/wp-json\/wp\/v2\/product"}],"about":[{"href":"https:\/\/shentek.com\/vi\/wp-json\/wp\/v2\/types\/product"}],"replies":[{"embeddable":true,"href":"https:\/\/shentek.com\/vi\/wp-json\/wp\/v2\/comments?post=9968"}],"wp:featuredmedia":[{"embeddable":true,"href":"https:\/\/shentek.com\/vi\/wp-json\/wp\/v2\/media\/9969"}],"wp:attachment":[{"href":"https:\/\/shentek.com\/vi\/wp-json\/wp\/v2\/media?parent=9968"}],"wp:term":[{"taxonomy":"product_cat","embeddable":true,"href":"https:\/\/shentek.com\/vi\/wp-json\/wp\/v2\/product_cat?post=9968"},{"taxonomy":"product_tag","embeddable":true,"href":"https:\/\/shentek.com\/vi\/wp-json\/wp\/v2\/product_tag?post=9968"}],"curies":[{"name":"wp","href":"https:\/\/api.w.org\/{rel}","templated":true}]}}