{"id":9976,"date":"2018-08-14T09:04:55","date_gmt":"2018-08-14T01:04:55","guid":{"rendered":"http:\/\/www.shentek.com\/product\/ti-usb-3-0-pcie-4-port-usb-a-card-tusb7340\/"},"modified":"2018-12-13T11:30:11","modified_gmt":"2018-12-13T03:30:11","slug":"ti-usb-3-0-pcie-4-port-usb-a-card-tusb7340","status":"publish","type":"product","link":"https:\/\/shentek.com\/vi\/product\/ti-usb-3-0-pcie-4-port-usb-a-card-tusb7340\/","title":{"rendered":"TI USB 3.0 PCIe 4 c\u1ed5ng Th\u1ebb USB-A TUSB7340"},"content":{"rendered":"","protected":false},"excerpt":{"rendered":"<p>T\u00ednh n\u0103ng v\u00e0 l\u1ee3i \u00edch<\/p>\n<p>M\u1edf r\u1ed9ng 4 c\u1ed5ng cho h\u1ec7 th\u1ed1ng c\u1ee7a b\u1ea1n<\/p>\n<p>T\u1ed1c \u0111\u1ed9 truy\u1ec1n t\u1ed1c \u0111\u1ed9 cao l\u00ean t\u1edbi 5Gbs<\/p>\n<p>Thi\u1ebft k\u1ebf \u0111\u1ec3 \u0111\u00e1p \u1ee9ng PCI Express 2.0 Gen 1<\/p>\n<p>H\u1ed7 tr\u1ee3 ng\u00f5 PCI Express x1, x2, x4, x8 v\u00e0 x16<\/p>\n<p>Tu\u00e2n th\u1ee7 Universal Bus Bus 3.1 Th\u00f4ng s\u1ed1 k\u1ef9 thu\u1eadt Gen1 Phi\u00ean b\u1ea3n 1.0<\/p>\n<p>Tu\u00e2n th\u1ee7 xHCI (Giao di\u1ec7n b\u1ed9 \u0111i\u1ec1u khi\u1ec3n m\u00e1y ch\u1ee7 eXtensible) Th\u00f4ng s\u1ed1 s\u1eeda \u0111\u1ed5i 0.96<\/p>\n<p>H\u1ed7 tr\u1ee3 ho\u1ea1t \u0111\u1ed9ng \u0111\u1ed3ng th\u1eddi c\u1ee7a nhi\u1ec1u thi\u1ebft b\u1ecb USB 3.0, USB 2.0 v\u00e0 USB 1.1<\/p>\n<p>H\u1ed7 tr\u1ee3 t\u1ed1c \u0111\u1ed9 truy\u1ec1n d\u1eef li\u1ec7u USB 1,5 \/ 12\/480\/5000 Mbps<\/p>\n<p>M\u1edf r\u1ed9ng 4 c\u1ed5ng si\u00eau t\u1ed1c USB 3.0 b\u00ean ngo\u00e0i cho h\u1ec7 th\u1ed1ng m\u00e1y t\u00ednh \u0111\u1ec3 b\u00e0n c\u1ee7a b\u1ea1n<\/p>\n<p>M\u1ed7i \u0111\u1ea7u ra c\u1ed5ng USB c\u00f3 c\u00f4ng su\u1ea5t l\u00ean t\u1edbi 5V 900ma cho thi\u1ebft b\u1ecb USB<\/p>\n<p>T\u00ednh n\u0103ng Hot Swap cho ph\u00e9p b\u1ea1n k\u1ebft n\u1ed1i \/ ng\u1eaft k\u1ebft n\u1ed1i thi\u1ebft b\u1ecb<\/p>\n<p>Microsoft WHQL ch\u1ea5p thu\u1eadn<\/p>\n<p>H\u1ed7 tr\u1ee3 tr\u00ecnh \u0111i\u1ec1u khi\u1ec3n cho Microsoft Windows<\/p>\n","protected":false},"featured_media":9977,"comment_status":"open","ping_status":"closed","template":"","meta":[],"product_cat":[1264,1333,1314],"product_tag":[1320,1324,1348,1370,1315,1335],"_links":{"self":[{"href":"https:\/\/shentek.com\/vi\/wp-json\/wp\/v2\/product\/9976"}],"collection":[{"href":"https:\/\/shentek.com\/vi\/wp-json\/wp\/v2\/product"}],"about":[{"href":"https:\/\/shentek.com\/vi\/wp-json\/wp\/v2\/types\/product"}],"replies":[{"embeddable":true,"href":"https:\/\/shentek.com\/vi\/wp-json\/wp\/v2\/comments?post=9976"}],"wp:featuredmedia":[{"embeddable":true,"href":"https:\/\/shentek.com\/vi\/wp-json\/wp\/v2\/media\/9977"}],"wp:attachment":[{"href":"https:\/\/shentek.com\/vi\/wp-json\/wp\/v2\/media?parent=9976"}],"wp:term":[{"taxonomy":"product_cat","embeddable":true,"href":"https:\/\/shentek.com\/vi\/wp-json\/wp\/v2\/product_cat?post=9976"},{"taxonomy":"product_tag","embeddable":true,"href":"https:\/\/shentek.com\/vi\/wp-json\/wp\/v2\/product_tag?post=9976"}],"curies":[{"name":"wp","href":"https:\/\/api.w.org\/{rel}","templated":true}]}}